{"id":222,"date":"2021-05-25T14:46:22","date_gmt":"2021-05-25T12:46:22","guid":{"rendered":"http:\/\/www.cnr-arbovirus.fr\/www\/?page_id=222"},"modified":"2024-03-12T11:25:11","modified_gmt":"2024-03-12T10:25:11","slug":"formulaires-de-declaration-obligatoire-do","status":"publish","type":"page","link":"https:\/\/cnr-arbovirus.fr\/public\/index.php\/formulaires-de-declaration-obligatoire-do\/","title":{"rendered":"Formulaires de d\u00e9claration obligatoire (DO)"},"content":{"rendered":"\n<p>Les infections par les arbovirus suivant sont \u00e0 d\u00e9claration obligatoire. Cette d\u00e9claration doit \u00eatre r\u00e9alis\u00e9e par le m\u00e9decin clinicien.<\/p>\n\n\n\n<p><a href=\"https:\/\/www.formulaires.service-public.fr\/gf\/cerfa_12686.do\">Infection par le virus de la Dengue<\/a><\/p>\n\n\n\n<p><a href=\"https:\/\/www.formulaires.service-public.fr\/gf\/cerfa_12685.do\">Infection par le virus de la Chikungunya<\/a><\/p>\n\n\n\n<p><a href=\"http:\/\/www.cnr-arbovirus.fr\/public\/wp-content\/uploads\/2021\/05\/Projet-DO-TBE_VF_cerfa.pdf\">Enc\u00e9phalite \u00e0 tique (TBE)<\/a><\/p>\n\n\n\n<p><a href=\"https:\/\/www.formulaires.service-public.fr\/gf\/cerfa_12199.do\">Fi\u00e8vre Jaune<\/a><\/p>\n\n\n\n<p><a href=\"http:\/\/www.cnr-arbovirus.fr\/public\/wp-content\/uploads\/2021\/05\/Fiche-DO-West-Nile-Virus-version-finale.pdf\">Infection par le virus West-Nile<\/a><\/p>\n\n\n\n<p><a href=\"https:\/\/www.formulaires.service-public.fr\/gf\/cerfa_15550.do\">Zika<\/a><\/p>\n","protected":false},"excerpt":{"rendered":"<p>Les infections par les arbovirus suivant sont \u00e0 d\u00e9claration obligatoire. Cette d\u00e9claration doit \u00eatre r\u00e9alis\u00e9e par le m\u00e9decin clinicien. Infection par le virus de la Dengue Infection par le virus de la Chikungunya Enc\u00e9phalite \u00e0 tique (TBE) Fi\u00e8vre Jaune Infection par le virus West-Nile Zika<\/p>\n","protected":false},"author":1,"featured_media":0,"parent":0,"menu_order":0,"comment_status":"closed","ping_status":"closed","template":"","meta":{"footnotes":""},"class_list":["post-222","page","type-page","status-publish","hentry"],"_links":{"self":[{"href":"https:\/\/cnr-arbovirus.fr\/public\/index.php\/wp-json\/wp\/v2\/pages\/222","targetHints":{"allow":["GET"]}}],"collection":[{"href":"https:\/\/cnr-arbovirus.fr\/public\/index.php\/wp-json\/wp\/v2\/pages"}],"about":[{"href":"https:\/\/cnr-arbovirus.fr\/public\/index.php\/wp-json\/wp\/v2\/types\/page"}],"author":[{"embeddable":true,"href":"https:\/\/cnr-arbovirus.fr\/public\/index.php\/wp-json\/wp\/v2\/users\/1"}],"replies":[{"embeddable":true,"href":"https:\/\/cnr-arbovirus.fr\/public\/index.php\/wp-json\/wp\/v2\/comments?post=222"}],"version-history":[{"count":4,"href":"https:\/\/cnr-arbovirus.fr\/public\/index.php\/wp-json\/wp\/v2\/pages\/222\/revisions"}],"predecessor-version":[{"id":427,"href":"https:\/\/cnr-arbovirus.fr\/public\/index.php\/wp-json\/wp\/v2\/pages\/222\/revisions\/427"}],"wp:attachment":[{"href":"https:\/\/cnr-arbovirus.fr\/public\/index.php\/wp-json\/wp\/v2\/media?parent=222"}],"curies":[{"name":"wp","href":"https:\/\/api.w.org\/{rel}","templated":true}]}}