{"id":257,"date":"2022-07-22T11:34:57","date_gmt":"2022-07-22T09:34:57","guid":{"rendered":"http:\/\/www.cnr-arbovirus.fr\/www\/?page_id=257"},"modified":"2025-09-05T14:39:43","modified_gmt":"2025-09-05T12:39:43","slug":"vous-etes-un-patient","status":"publish","type":"page","link":"https:\/\/cnr-arbovirus.fr\/public\/index.php\/vous-etes-un-patient\/","title":{"rendered":"Vous \u00eates un patient ?"},"content":{"rendered":"\n<p>Vous \u00eates un patient, et votre m\u00e9decin ou votre biologiste nous \u00e0 envoy\u00e9 un de vos pr\u00e9l\u00e8vements biologiques. Certaines analyses sp\u00e9cialis\u00e9es ne sont en effet r\u00e9alis\u00e9es que dans un centre d&rsquo;expertise. Pour notre part, nous sommes Centre National de R\u00e9f\u00e9rence (CNR) sur un groupe de virus appelles \u00ab\u00a0arbovirus\u00a0\u00bb, c&rsquo;est \u00e0 dire les virus transmis par des arthropodes (moustiques, tiques). Notre sommes d\u00e9sign\u00e9s CNR par Sant\u00e9 Publique France, pour une dur\u00e9e de 5 ans renouvelables. <a href=\"https:\/\/www.santepubliquefrance.fr\/a-propos\/nos-principes-fondateurs\/centres-nationaux-de-reference-pour-la-lutte-contre-les-maladies-transmissibles\">Plus de d\u00e9tails sur les CNR ici.<\/a><\/p>\n\n\n\n<p>Dans le cadre de cette expertise, votre m\u00e9decin \/ biologiste nous a transmis : un ou plusieurs \u00e9chantillons biologiques (tubes de sang, urine, LCR, etc&#8230;) ainsi que des informations vous concernant, inscrite sur une <a href=\"https:\/\/cnr-arbovirus.fr\/public\/wp-content\/uploads\/2024\/07\/PRE_ANA-EN-001-V10-FICHE_DE_RENSEIGNEMENTS.pdf\">feuille de renseignement<\/a>.<\/p>\n\n\n\n<p>En accord avec la CNIL dans le cadre de la protection des donn\u00e9es, vous avez bien s\u00fbr un droit d&rsquo;acc\u00e8s, de modification, et de suppression de toutes donn\u00e9es vous concernant conserv\u00e9es dans notre laboratoire. Les informations que nous conversons se limitent \u00e0 ce qui est indispensable pour le traitement, l&rsquo;analyse et l&rsquo;interpr\u00e9tation des r\u00e9sultats. Ces donn\u00e9es sont stock\u00e9es sur un serveur s\u00e9curis\u00e9 et isol\u00e9, et seules les personnes habilit\u00e9es y ont acc\u00e8s. Si vous souhaitez exercer votre droit  d&rsquo;acc\u00e8s, de modification, et de suppression de vos donn\u00e9es, nous sommes \u00e0 votre disposition : vous pouvez nous contacter par t\u00e9l\u00e9phone, courriel ou fax (<a href=\"https:\/\/www.cnr-arbovirus.fr\/public\/index.php\/contacts\/\">coordonn\u00e9es ici<\/a>) ou encore nous envoyer une r\u00e9clamation, <a href=\"https:\/\/cnr-arbovirus.fr\/public\/wp-content\/uploads\/2024\/03\/MESUR-FR-004-V2-FICHE-DE-RECLAMATION-EXTERNE.pdf\">formulaire ici<\/a>.<\/p>\n\n\n\n<p>Enfin, merci de bien vouloir noter que nous ne transmettons le compte rendu d&rsquo;analyse que \u00e0 votre m\u00e9decin ou biologiste. Merci par avance de vous adresser \u00e0 lui pour le recueil du compte rendu.<\/p>\n","protected":false},"excerpt":{"rendered":"<p>Vous \u00eates un patient, et votre m\u00e9decin ou votre biologiste nous \u00e0 envoy\u00e9 un de vos pr\u00e9l\u00e8vements biologiques. Certaines analyses sp\u00e9cialis\u00e9es ne sont en effet r\u00e9alis\u00e9es que dans un centre d&rsquo;expertise. Pour notre part, nous sommes Centre National de R\u00e9f\u00e9rence (CNR) sur un groupe de virus appelles \u00ab\u00a0arbovirus\u00a0\u00bb, c&rsquo;est \u00e0 dire les virus transmis par &hellip; <a href=\"https:\/\/cnr-arbovirus.fr\/public\/index.php\/vous-etes-un-patient\/\" class=\"more-link\">Continuer la lecture<span class=\"screen-reader-text\"> de &laquo;&nbsp;Vous \u00eates un patient ?&nbsp;&raquo;<\/span><\/a><\/p>\n","protected":false},"author":1,"featured_media":0,"parent":0,"menu_order":0,"comment_status":"closed","ping_status":"closed","template":"","meta":{"footnotes":""},"class_list":["post-257","page","type-page","status-publish","hentry"],"_links":{"self":[{"href":"https:\/\/cnr-arbovirus.fr\/public\/index.php\/wp-json\/wp\/v2\/pages\/257","targetHints":{"allow":["GET"]}}],"collection":[{"href":"https:\/\/cnr-arbovirus.fr\/public\/index.php\/wp-json\/wp\/v2\/pages"}],"about":[{"href":"https:\/\/cnr-arbovirus.fr\/public\/index.php\/wp-json\/wp\/v2\/types\/page"}],"author":[{"embeddable":true,"href":"https:\/\/cnr-arbovirus.fr\/public\/index.php\/wp-json\/wp\/v2\/users\/1"}],"replies":[{"embeddable":true,"href":"https:\/\/cnr-arbovirus.fr\/public\/index.php\/wp-json\/wp\/v2\/comments?post=257"}],"version-history":[{"count":5,"href":"https:\/\/cnr-arbovirus.fr\/public\/index.php\/wp-json\/wp\/v2\/pages\/257\/revisions"}],"predecessor-version":[{"id":543,"href":"https:\/\/cnr-arbovirus.fr\/public\/index.php\/wp-json\/wp\/v2\/pages\/257\/revisions\/543"}],"wp:attachment":[{"href":"https:\/\/cnr-arbovirus.fr\/public\/index.php\/wp-json\/wp\/v2\/media?parent=257"}],"curies":[{"name":"wp","href":"https:\/\/api.w.org\/{rel}","templated":true}]}}