{"id":291,"date":"2023-02-13T15:45:46","date_gmt":"2023-02-13T14:45:46","guid":{"rendered":"http:\/\/www.cnr-arbovirus.fr\/www\/?page_id=291"},"modified":"2024-03-12T11:26:44","modified_gmt":"2024-03-12T10:26:44","slug":"envoi-dematerialise-des-comptes-rendus","status":"publish","type":"page","link":"https:\/\/cnr-arbovirus.fr\/public\/index.php\/envoi-dematerialise-des-comptes-rendus\/","title":{"rendered":"Envoi d\u00e9mat\u00e9rialis\u00e9 des comptes rendus"},"content":{"rendered":"\n<p>Le CNR des arbovirus se modernise. En effet, \u00e0 compter <strong><u>du 1<sup>er<\/sup> avril 2023<\/u><\/strong>, les r\u00e9sultats de nos analyses <strong>ne seront plus fax\u00e9s<\/strong>, mais vous seront envoy\u00e9s <strong>directement par<\/strong> <strong>email<\/strong>, sous forme de message s\u00e9curis\u00e9.<\/p>\n\n\n\n<p>Nous vous demandons donc de bien vouloir, d\u00e8s ce jour, utiliser <strong>la derni\u00e8re<\/strong> <strong>\u00a0version<\/strong> de fiche de renseignement (<a href=\"http:\/\/www.cnr-arbovirus.fr\/public\/wp-content\/uploads\/2023\/03\/VIR-EN-002-V9-FICHE-DE-RENSEIGNEMENTS.pdf\">version 9<\/a>). Celle-ci contient des nouveaux champs\u00a0permettant d\u2019identifier le m\u00e9decin prescripteur. Le champ e-mail sera utilis\u00e9 en premi\u00e8re intention pour vous envoyer les r\u00e9sultats d\u2019analyses. Nous vous recommandons <strong>fortement <\/strong>d&rsquo;\u00e9diter la fiche de renseignement directement sur ordinateur ce qui permet une <strong>lisibilit\u00e9 optimale<\/strong>.<\/p>\n\n\n\n<p>Pour vous accompagner et vous aider dans ce changement, vous trouvez ci-apr\u00e8s des informations utiles :<\/p>\n\n\n\n<p><a href=\"http:\/\/www.cnr-arbovirus.fr\/public\/index.php\/mode-operatoire-comment-recuperer-mes-resultats\/\">Mode op\u00e9ratoire : comment r\u00e9cup\u00e9rer mes r\u00e9sultats<\/a> ou vid\u00e9o <a href=\"https:\/\/youtu.be\/RXw1326jEr4\">YouTube<\/a><\/p>\n\n\n\n<p><a href=\"http:\/\/www.cnr-arbovirus.fr\/public\/index.php\/faq-comptes-rendus-dematerialises\/\">Foire aux questions (FAQ)<\/a><\/p>\n\n\n\n<p>En cas de probl\u00e8me, contactez nous par email :<strong> cnr-arbovirus.u1207@inserm.fr<\/strong><\/p>\n\n\n\n<p><\/p>\n","protected":false},"excerpt":{"rendered":"<p>Le CNR des arbovirus se modernise. En effet, \u00e0 compter du 1er avril 2023, les r\u00e9sultats de nos analyses ne seront plus fax\u00e9s, mais vous seront envoy\u00e9s directement par email, sous forme de message s\u00e9curis\u00e9. Nous vous demandons donc de bien vouloir, d\u00e8s ce jour, utiliser la derni\u00e8re \u00a0version de fiche de renseignement (version 9). &hellip; <a href=\"https:\/\/cnr-arbovirus.fr\/public\/index.php\/envoi-dematerialise-des-comptes-rendus\/\" class=\"more-link\">Continuer la lecture<span class=\"screen-reader-text\"> de &laquo;&nbsp;Envoi d\u00e9mat\u00e9rialis\u00e9 des comptes rendus&nbsp;&raquo;<\/span><\/a><\/p>\n","protected":false},"author":1,"featured_media":0,"parent":0,"menu_order":0,"comment_status":"closed","ping_status":"closed","template":"","meta":{"footnotes":""},"class_list":["post-291","page","type-page","status-publish","hentry"],"_links":{"self":[{"href":"https:\/\/cnr-arbovirus.fr\/public\/index.php\/wp-json\/wp\/v2\/pages\/291","targetHints":{"allow":["GET"]}}],"collection":[{"href":"https:\/\/cnr-arbovirus.fr\/public\/index.php\/wp-json\/wp\/v2\/pages"}],"about":[{"href":"https:\/\/cnr-arbovirus.fr\/public\/index.php\/wp-json\/wp\/v2\/types\/page"}],"author":[{"embeddable":true,"href":"https:\/\/cnr-arbovirus.fr\/public\/index.php\/wp-json\/wp\/v2\/users\/1"}],"replies":[{"embeddable":true,"href":"https:\/\/cnr-arbovirus.fr\/public\/index.php\/wp-json\/wp\/v2\/comments?post=291"}],"version-history":[{"count":6,"href":"https:\/\/cnr-arbovirus.fr\/public\/index.php\/wp-json\/wp\/v2\/pages\/291\/revisions"}],"predecessor-version":[{"id":428,"href":"https:\/\/cnr-arbovirus.fr\/public\/index.php\/wp-json\/wp\/v2\/pages\/291\/revisions\/428"}],"wp:attachment":[{"href":"https:\/\/cnr-arbovirus.fr\/public\/index.php\/wp-json\/wp\/v2\/media?parent=291"}],"curies":[{"name":"wp","href":"https:\/\/api.w.org\/{rel}","templated":true}]}}