{"id":293,"date":"2023-02-13T15:52:04","date_gmt":"2023-02-13T14:52:04","guid":{"rendered":"http:\/\/www.cnr-arbovirus.fr\/www\/?page_id=293"},"modified":"2023-03-14T12:11:52","modified_gmt":"2023-03-14T11:11:52","slug":"mode-operatoire-comment-recuperer-mes-resultats","status":"publish","type":"page","link":"https:\/\/cnr-arbovirus.fr\/public\/index.php\/mode-operatoire-comment-recuperer-mes-resultats\/","title":{"rendered":"Mode op\u00e9ratoire : comment r\u00e9cup\u00e9rer mes r\u00e9sultats ?"},"content":{"rendered":"\n<p>Toute la proc\u00e9dure d\u00e9crite ici est \u00e9galement visible en vid\u00e9o  :<\/p>\n\n\n\n<figure class=\"wp-block-embed is-type-video is-provider-youtube wp-block-embed-youtube wp-embed-aspect-16-9 wp-has-aspect-ratio\"><div class=\"wp-block-embed__wrapper\">\n<iframe loading=\"lazy\" title=\"Comptes Rendus par email\" width=\"840\" height=\"473\" src=\"https:\/\/www.youtube.com\/embed\/RXw1326jEr4?feature=oembed\" frameborder=\"0\" allow=\"accelerometer; autoplay; clipboard-write; encrypted-media; gyroscope; picture-in-picture; web-share\" allowfullscreen><\/iframe>\n<\/div><\/figure>\n\n\n\n<p><\/p>\n\n\n\n<p>Les comptes rendus d\u2019analyses r\u00e9alis\u00e9s au CNR sont \u00e0 pr\u00e9sent envoy\u00e9s par email s\u00e9curis\u00e9 au prescripteur. L\u2019identification de celui\u2013ci se fait via son adresse email, d\u00fbment renseign\u00e9e sur la fiche de renseignement (version 9). Le transfert de l\u2019email s\u00e9curis\u00e9 est g\u00e9r\u00e9 par la soci\u00e9t\u00e9 BlueFiles, garante du cryptage de l\u2019email ainsi que de l\u2019authentification du destinataire.<\/p>\n\n\n\n<p>Lorsque le CR est disponible, vous allez recevoir un email intitul\u00e9 \u00ab&nbsp;<strong>[BlueFiles Transfer] cnr-arbovirus de la soci\u00e9t\u00e9 Arbovirus vous a envoy\u00e9 un(des) fichier(s)<\/strong>&nbsp;\u00bb<\/p>\n\n\n<div class=\"wp-block-image\">\n<figure class=\"aligncenter size-full\"><img decoding=\"async\" src=\"http:\/\/www.cnr-arbovirus.fr\/www\/wp-content\/uploads\/2023\/02\/image.png\" alt=\"\" class=\"wp-image-294\"\/><\/figure>\n<\/div>\n\n\n<p>Vous trouverez dans le corps de mail la proc\u00e9dure d\u00e9crite ici.<\/p>\n\n\n\n<ol class=\"wp-block-list\" type=\"1\"><li>Cliquez sur le bouton \u00ab&nbsp;t\u00e9l\u00e9charger&nbsp;\u00bb pr\u00e9sent dans le corps de mail<\/li><\/ol>\n\n\n\n<p><strong>S\u2019il s\u2019agit de votre premi\u00e8re connexion<\/strong>, le serveur bluefiles va vous demander de justifier votre identit\u00e9. Pour cela, c\u2019est tr\u00e8s simple, il vous faudra simplement renseigner un mot de passe, permettant ainsi de vous cr\u00e9er un compte bluepass&nbsp;:<\/p>\n\n\n\n<p>A. Renseignez votre mot de passe puis validez le formulaire<\/p>\n\n\n\n<p>B. Ouvrez votre boite mail, et cliquez sur le lien d\u2019activation que vous venez de recevoir \u00ab&nbsp;Valider votre identit\u00e9 Bluepass&nbsp;\u00bb<\/p>\n\n\n\n<p><strong>Ensuite, ou si vous poss\u00e9dez d\u00e9j\u00e0 un compte bluepass&nbsp;:<\/strong><\/p>\n\n\n\n<ul class=\"wp-block-list\"><li>&nbsp;Saisissez votre mot de passe&nbsp;:<\/li><\/ul>\n\n\n<div class=\"wp-block-image\">\n<figure class=\"aligncenter size-full\"><img decoding=\"async\" src=\"http:\/\/www.cnr-arbovirus.fr\/www\/wp-content\/uploads\/2023\/02\/image-1.png\" alt=\"\" class=\"wp-image-295\"\/><\/figure>\n<\/div>\n\n\n<p>3. Vous pouvez d\u00e8s \u00e0 pr\u00e9sent r\u00e9cup\u00e9rer le CR au format PDF en cliquant sur \u00ab&nbsp;pi\u00e8ce jointe&nbsp;\u00bb.<\/p>\n\n\n<div class=\"wp-block-image\">\n<figure class=\"aligncenter size-full\"><img decoding=\"async\" src=\"http:\/\/www.cnr-arbovirus.fr\/www\/wp-content\/uploads\/2023\/02\/image-2.png\" alt=\"\" class=\"wp-image-296\"\/><\/figure>\n<\/div>\n\n\n<p class=\"has-bright-red-color has-text-color\"><strong>Attention&nbsp;:<\/strong> votre CR est disponible 15 jours \u00e0 compter de la date de r\u00e9ception de ce mail. Pass\u00e9 ce d\u00e9lai, il vous faudra nous contacter (voir FAQ).<\/p>\n","protected":false},"excerpt":{"rendered":"<p>Toute la proc\u00e9dure d\u00e9crite ici est \u00e9galement visible en vid\u00e9o : Les comptes rendus d\u2019analyses r\u00e9alis\u00e9s au CNR sont \u00e0 pr\u00e9sent envoy\u00e9s par email s\u00e9curis\u00e9 au prescripteur. L\u2019identification de celui\u2013ci se fait via son adresse email, d\u00fbment renseign\u00e9e sur la fiche de renseignement (version 9). Le transfert de l\u2019email s\u00e9curis\u00e9 est g\u00e9r\u00e9 par la soci\u00e9t\u00e9 &hellip; <a href=\"https:\/\/cnr-arbovirus.fr\/public\/index.php\/mode-operatoire-comment-recuperer-mes-resultats\/\" class=\"more-link\">Continuer la lecture<span class=\"screen-reader-text\"> de &laquo;&nbsp;Mode op\u00e9ratoire : comment r\u00e9cup\u00e9rer mes r\u00e9sultats ?&nbsp;&raquo;<\/span><\/a><\/p>\n","protected":false},"author":1,"featured_media":0,"parent":0,"menu_order":0,"comment_status":"closed","ping_status":"closed","template":"","meta":{"footnotes":""},"class_list":["post-293","page","type-page","status-publish","hentry"],"_links":{"self":[{"href":"https:\/\/cnr-arbovirus.fr\/public\/index.php\/wp-json\/wp\/v2\/pages\/293","targetHints":{"allow":["GET"]}}],"collection":[{"href":"https:\/\/cnr-arbovirus.fr\/public\/index.php\/wp-json\/wp\/v2\/pages"}],"about":[{"href":"https:\/\/cnr-arbovirus.fr\/public\/index.php\/wp-json\/wp\/v2\/types\/page"}],"author":[{"embeddable":true,"href":"https:\/\/cnr-arbovirus.fr\/public\/index.php\/wp-json\/wp\/v2\/users\/1"}],"replies":[{"embeddable":true,"href":"https:\/\/cnr-arbovirus.fr\/public\/index.php\/wp-json\/wp\/v2\/comments?post=293"}],"version-history":[{"count":7,"href":"https:\/\/cnr-arbovirus.fr\/public\/index.php\/wp-json\/wp\/v2\/pages\/293\/revisions"}],"predecessor-version":[{"id":319,"href":"https:\/\/cnr-arbovirus.fr\/public\/index.php\/wp-json\/wp\/v2\/pages\/293\/revisions\/319"}],"wp:attachment":[{"href":"https:\/\/cnr-arbovirus.fr\/public\/index.php\/wp-json\/wp\/v2\/media?parent=293"}],"curies":[{"name":"wp","href":"https:\/\/api.w.org\/{rel}","templated":true}]}}