{"id":449,"date":"2024-05-21T11:46:55","date_gmt":"2024-05-21T09:46:55","guid":{"rendered":"https:\/\/cnr-arbovirus.fr\/public\/?page_id=449"},"modified":"2025-02-13T10:56:58","modified_gmt":"2025-02-13T09:56:58","slug":"evaluation-de-kits","status":"publish","type":"page","link":"https:\/\/cnr-arbovirus.fr\/public\/index.php\/evaluation-de-kits\/","title":{"rendered":"\u00c9valuation de kits"},"content":{"rendered":"\n<p>Vous trouverez ici les \u00e9valuations de kits r\u00e9alis\u00e9es par le CNR arbovirus. Ils sont pr\u00e9sent\u00e9s sous la forme d&rsquo;un court rapport des r\u00e9sultats obtenus.<\/p>\n\n\n\n<p>Nous remercions chaleureusement tous les biologistes qui collaborent sur ces \u00e9valuations.<\/p>\n\n\n\n<h2 class=\"wp-block-heading\">TRODs<\/h2>\n\n\n\n<p><\/p>\n\n\n\n<figure class=\"wp-block-table\"><table><tbody><tr><td><strong>Virus<\/strong><\/td><td><strong>Fabriquant<\/strong><\/td><td><strong>Nom du kit<\/strong><\/td><td><strong>Ann\u00e9e d&rsquo;\u00e9valuation<\/strong><\/td><td><strong>Rapport<\/strong><\/td><\/tr><tr><td>DENV<\/td><td>AAZ<\/td><td>TR-DEN-002<\/td><td>2023<\/td><td><a href=\"https:\/\/cnr-arbovirus.fr\/public\/wp-content\/uploads\/2024\/05\/2023-10-10-Compte-rendu-des-tests-re\u0301alise\u0301s-avec-le-TDR-AZZ-_-final-anonymise.pdf\">Lien<\/a><\/td><\/tr><\/tbody><\/table><\/figure>\n\n\n\n<h2 class=\"wp-block-heading\">KITS DE S\u00c9ROLOGIE<\/h2>\n\n\n\n<figure class=\"wp-block-table has-medium-font-size\"><table><tbody><tr><td><strong>Virus<\/strong><\/td><td><strong>Fabriquant<\/strong><\/td><td><strong>Automate<\/strong><\/td><td><strong>Nom du kit<\/strong><\/td><td><strong>Ann\u00e9e d&rsquo;\u00e9valuation<\/strong><\/td><td><strong>Rapport<\/strong><\/td><\/tr><tr><td>CHIKV<\/td><td>VIRCLIA\u00ae<\/td><td>Lotus<\/td><td>VIRCLIA\u00ae IgG IgM MONOTEST CHIKV<\/td><td>2023<\/td><td><a href=\"https:\/\/cnr-arbovirus.fr\/public\/wp-content\/uploads\/2024\/05\/VIRCLIA\u00ae-IgG-IgM-MONOTEST-CHIKV_15042024-.pdf\" data-type=\"attachment\" data-id=\"454\">Lien<\/a><\/td><\/tr><tr><td>DENV<\/td><td>VIRCLIA\u00ae<\/td><td>Lotus<\/td><td>VIRCLIA\u00ae IgG IgM MONOTEST DENV<\/td><td>2023<\/td><td><a href=\"https:\/\/cnr-arbovirus.fr\/public\/wp-content\/uploads\/2024\/05\/VIRCLIA\u00ae-IgG-IgM-MONOTEST-DENV_15042024.pdf\" data-type=\"attachment\" data-id=\"455\">Lien<\/a><\/td><\/tr><tr><td>TBEV<\/td><td>VIRCLIA\u00ae<\/td><td>Lotus<\/td><td>VIRCLIA\u00ae IgG IgM MONOTEST TBE <\/td><td>2023<\/td><td><a href=\"https:\/\/cnr-arbovirus.fr\/public\/wp-content\/uploads\/2024\/05\/VIRCLIA\u00ae-IgG-IgM-MONOTEST-TBE_15042024-.pdf\" data-type=\"attachment\" data-id=\"456\">Lien<\/a><\/td><\/tr><tr><td>WNV<\/td><td>VIRCLIA\u00ae<\/td><td>Lotus<\/td><td>VIRCLIA\u00ae IgG IgM MONOTEST WNV<\/td><td>2023<\/td><td><a href=\"https:\/\/cnr-arbovirus.fr\/public\/wp-content\/uploads\/2024\/05\/VIRCLIA\u00ae-IgG-IgM-MONOTEST-WNV_15042024.pdf\" data-type=\"attachment\" data-id=\"457\">Lien<\/a><\/td><\/tr><tr><td>ZIKV<\/td><td>VIRCLIA\u00ae<\/td><td>Lotus<\/td><td>VIRCLIA\u00ae IgG IgM MONOTEST ZIKV<\/td><td>2023<\/td><td><a href=\"https:\/\/cnr-arbovirus.fr\/public\/wp-content\/uploads\/2024\/05\/VIRCLIA\u00ae-IgG-IgM-MONOTEST-ZIKV_15042024.pdf\" data-type=\"attachment\" data-id=\"458\">Lien<\/a><\/td><\/tr><tr><td>CHIKV<\/td><td>BIOMERIEUX<\/td><td>Vidas\u00ae<\/td><td>VIDAS\u00ae IgG IgM CHIKV<\/td><td>2023<\/td><td><a href=\"https:\/\/cnr-arbovirus.fr\/public\/wp-content\/uploads\/2024\/05\/VIDAS\u00ae-IgG-IgM-CHIKV.pdf\" data-type=\"attachment\" data-id=\"452\">Lien<\/a><\/td><\/tr><tr><td>DENV<\/td><td>BIOMERIEUX<\/td><td>Vidas\u00ae<\/td><td>VIDAS\u00ae IgG IgM DENV<\/td><td>2023<\/td><td><a href=\"https:\/\/cnr-arbovirus.fr\/public\/wp-content\/uploads\/2024\/05\/VIDAS\u00ae-IgG-IgM-DENV.pdf\" data-type=\"attachment\" data-id=\"453\">Lien<\/a><\/td><\/tr><\/tbody><\/table><\/figure>\n\n\n\n<h2 class=\"wp-block-heading\">KITS DE BIOLOGIE MOL\u00c9CULAIRE<\/h2>\n\n\n\n<figure class=\"wp-block-table\"><table><tbody><tr><td><strong>Virus<\/strong><\/td><td><strong>Fabriquant<\/strong><\/td><td><strong>Automate<\/strong><\/td><td><strong>Nom du kit<\/strong><\/td><td><strong>Ann\u00e9e d&rsquo;\u00e9valuation<\/strong><\/td><td><strong>Rapport<\/strong><\/td><\/tr><tr><td>WNV<\/td><td>ELITechGroup<\/td><td>ELITe BeGenius<\/td><td>WNV ELITe MGB<\/td><td>2024<\/td><td><a href=\"https:\/\/cnr-arbovirus.fr\/public\/wp-content\/uploads\/2025\/02\/Elitech_BeGenius-WNV_LP.pdf\">Lien<\/a><\/td><\/tr><tr><td>ZIKV, DENV, CHIKV<\/td><td>ELITechGroup<br><\/td><td>ELITe BeGenius<\/td><td>Bioperfectus ZIKV\/DENV\/CHIKV<\/td><td>2024<\/td><td><a href=\"https:\/\/cnr-arbovirus.fr\/public\/wp-content\/uploads\/2025\/02\/Elitech_BeGenius-CDZ_LP.pdf\">Lien<\/a><\/td><\/tr><\/tbody><\/table><\/figure>\n","protected":false},"excerpt":{"rendered":"<p>Vous trouverez ici les \u00e9valuations de kits r\u00e9alis\u00e9es par le CNR arbovirus. Ils sont pr\u00e9sent\u00e9s sous la forme d&rsquo;un court rapport des r\u00e9sultats obtenus. Nous remercions chaleureusement tous les biologistes qui collaborent sur ces \u00e9valuations. TRODs Virus Fabriquant Nom du kit Ann\u00e9e d&rsquo;\u00e9valuation Rapport DENV AAZ TR-DEN-002 2023 Lien KITS DE S\u00c9ROLOGIE Virus Fabriquant Automate &hellip; <a href=\"https:\/\/cnr-arbovirus.fr\/public\/index.php\/evaluation-de-kits\/\" class=\"more-link\">Continuer la lecture<span class=\"screen-reader-text\"> de &laquo;&nbsp;\u00c9valuation de kits&nbsp;&raquo;<\/span><\/a><\/p>\n","protected":false},"author":1,"featured_media":0,"parent":0,"menu_order":0,"comment_status":"closed","ping_status":"closed","template":"","meta":{"footnotes":""},"class_list":["post-449","page","type-page","status-publish","hentry"],"_links":{"self":[{"href":"https:\/\/cnr-arbovirus.fr\/public\/index.php\/wp-json\/wp\/v2\/pages\/449","targetHints":{"allow":["GET"]}}],"collection":[{"href":"https:\/\/cnr-arbovirus.fr\/public\/index.php\/wp-json\/wp\/v2\/pages"}],"about":[{"href":"https:\/\/cnr-arbovirus.fr\/public\/index.php\/wp-json\/wp\/v2\/types\/page"}],"author":[{"embeddable":true,"href":"https:\/\/cnr-arbovirus.fr\/public\/index.php\/wp-json\/wp\/v2\/users\/1"}],"replies":[{"embeddable":true,"href":"https:\/\/cnr-arbovirus.fr\/public\/index.php\/wp-json\/wp\/v2\/comments?post=449"}],"version-history":[{"count":12,"href":"https:\/\/cnr-arbovirus.fr\/public\/index.php\/wp-json\/wp\/v2\/pages\/449\/revisions"}],"predecessor-version":[{"id":508,"href":"https:\/\/cnr-arbovirus.fr\/public\/index.php\/wp-json\/wp\/v2\/pages\/449\/revisions\/508"}],"wp:attachment":[{"href":"https:\/\/cnr-arbovirus.fr\/public\/index.php\/wp-json\/wp\/v2\/media?parent=449"}],"curies":[{"name":"wp","href":"https:\/\/api.w.org\/{rel}","templated":true}]}}