{"id":72,"date":"2019-03-18T17:07:43","date_gmt":"2019-03-18T16:07:43","guid":{"rendered":"http:\/\/www.cnr-arbovirus.fr\/www\/?page_id=72"},"modified":"2024-03-12T11:29:44","modified_gmt":"2024-03-12T10:29:44","slug":"presentation-du-cnr","status":"publish","type":"page","link":"https:\/\/cnr-arbovirus.fr\/public\/index.php\/presentation-du-cnr\/","title":{"rendered":"Pr\u00e9sentation du CNR"},"content":{"rendered":"\n<p>Les maladies virales transmises par les arthropodes h\u00e9matophages (arboviroses) rassemblent un grand nombre de pathologies pouvant affecter diff\u00e9rentes esp\u00e8ces animales et\/ou l\u2019homme. L\u2019impact en sant\u00e9 publique et les r\u00e9percussions \u00e9conomiques peuvent \u00eatre cons\u00e9quentes, comme illustr\u00e9 par plusieurs ann\u00e9es cons\u00e9cutives d\u2019\u00e9mergences arbovirales majeures (Dengue, Chikungunya, Zika, West Nile). Ces \u00e9mergences ont \u00e9galement montr\u00e9 le potentiel d\u2019expansion extraordinaire des zones de circulation g\u00e9ographique des virus concern\u00e9s, repr\u00e9sentant un d\u00e9fi majeur pour les dispositifs de surveillance et d\u2019alerte nationaux, ainsi que pour la gestion du risque vectoriel.<\/p>\n\n\n\n<p>Le laboratoire est compos\u00e9 de 11 personnes, 6 cadres et 4 techniciens. Le CNR coordonateur est l&rsquo;INSERM (direction du Pr Xavier de Lamballerie) et le CNR associ\u00e9 en m\u00e9tropole est l&rsquo;Institut de Recherche Biom\u00e9dicale des Arm\u00e9es (IRBA, direction Gilda Grard). Bien que s\u00e9par\u00e9 administrativement en deux CNR m\u00e9tropole, il n&rsquo;y a <strong>qu&rsquo;un seul CNR fonctionnel<\/strong>.<\/p>\n\n\n\n<p><\/p>\n\n\n\n<figure class=\"wp-block-image size-full\"><img loading=\"lazy\" decoding=\"async\" width=\"773\" height=\"817\" src=\"https:\/\/cnr-arbovirus.fr\/public\/wp-content\/uploads\/2024\/03\/Organigramme-version-internet.png\" alt=\"\" class=\"wp-image-430\" srcset=\"https:\/\/cnr-arbovirus.fr\/public\/wp-content\/uploads\/2024\/03\/Organigramme-version-internet.png 773w, https:\/\/cnr-arbovirus.fr\/public\/wp-content\/uploads\/2024\/03\/Organigramme-version-internet-284x300.png 284w, https:\/\/cnr-arbovirus.fr\/public\/wp-content\/uploads\/2024\/03\/Organigramme-version-internet-768x812.png 768w\" sizes=\"auto, (max-width: 773px) 85vw, 773px\" \/><\/figure>\n\n\n\n<p><\/p>\n\n\n\n<p><\/p>\n","protected":false},"excerpt":{"rendered":"<p>Les maladies virales transmises par les arthropodes h\u00e9matophages (arboviroses) rassemblent un grand nombre de pathologies pouvant affecter diff\u00e9rentes esp\u00e8ces animales et\/ou l\u2019homme. L\u2019impact en sant\u00e9 publique et les r\u00e9percussions \u00e9conomiques peuvent \u00eatre cons\u00e9quentes, comme illustr\u00e9 par plusieurs ann\u00e9es cons\u00e9cutives d\u2019\u00e9mergences arbovirales majeures (Dengue, Chikungunya, Zika, West Nile). Ces \u00e9mergences ont \u00e9galement montr\u00e9 le potentiel d\u2019expansion &hellip; <a href=\"https:\/\/cnr-arbovirus.fr\/public\/index.php\/presentation-du-cnr\/\" class=\"more-link\">Continuer la lecture<span class=\"screen-reader-text\"> de &laquo;&nbsp;Pr\u00e9sentation du CNR&nbsp;&raquo;<\/span><\/a><\/p>\n","protected":false},"author":1,"featured_media":0,"parent":0,"menu_order":0,"comment_status":"closed","ping_status":"closed","template":"","meta":{"footnotes":""},"class_list":["post-72","page","type-page","status-publish","hentry"],"_links":{"self":[{"href":"https:\/\/cnr-arbovirus.fr\/public\/index.php\/wp-json\/wp\/v2\/pages\/72","targetHints":{"allow":["GET"]}}],"collection":[{"href":"https:\/\/cnr-arbovirus.fr\/public\/index.php\/wp-json\/wp\/v2\/pages"}],"about":[{"href":"https:\/\/cnr-arbovirus.fr\/public\/index.php\/wp-json\/wp\/v2\/types\/page"}],"author":[{"embeddable":true,"href":"https:\/\/cnr-arbovirus.fr\/public\/index.php\/wp-json\/wp\/v2\/users\/1"}],"replies":[{"embeddable":true,"href":"https:\/\/cnr-arbovirus.fr\/public\/index.php\/wp-json\/wp\/v2\/comments?post=72"}],"version-history":[{"count":11,"href":"https:\/\/cnr-arbovirus.fr\/public\/index.php\/wp-json\/wp\/v2\/pages\/72\/revisions"}],"predecessor-version":[{"id":431,"href":"https:\/\/cnr-arbovirus.fr\/public\/index.php\/wp-json\/wp\/v2\/pages\/72\/revisions\/431"}],"wp:attachment":[{"href":"https:\/\/cnr-arbovirus.fr\/public\/index.php\/wp-json\/wp\/v2\/media?parent=72"}],"curies":[{"name":"wp","href":"https:\/\/api.w.org\/{rel}","templated":true}]}}