{"id":76,"date":"2019-03-18T17:13:39","date_gmt":"2019-03-18T16:13:39","guid":{"rendered":"http:\/\/www.cnr-arbovirus.fr\/www\/?page_id=76"},"modified":"2024-09-02T10:28:22","modified_gmt":"2024-09-02T08:28:22","slug":"les-envois-de-prelevements","status":"publish","type":"page","link":"https:\/\/cnr-arbovirus.fr\/public\/index.php\/les-envois-de-prelevements\/","title":{"rendered":"Les envois de pr\u00e9l\u00e8vements"},"content":{"rendered":"\n<p>Les analyses\nbiologiques r\u00e9alis\u00e9es au CNR sont <strong>gratuites<\/strong>.\nA ce titre et compte tenu de son expertise, le CNR se r\u00e9serve le droit de\nmodifier la prescription afin de r\u00e9aliser les analyses les plus pertinentes au\nvu du contexte \u00e9pid\u00e9miologique et clinique.<\/p>\n\n\n\n<p><strong>1\/ Conditions pr\u00e9-analytiques<\/strong><\/p>\n\n\n\n<p>Se r\u00e9f\u00e9rer \u00e0 notre manuel de pr\u00e9l\u00e8vement disponible en <a href=\"http:\/\/www.cnr-arbovirus.fr\/public\/wp-content\/uploads\/2023\/03\/PILOT-PR-002-V10-MANUEL-DE-PRELEVEMENT.pdf\">cliquant ici<\/a>.<\/p>\n\n\n\n<p><strong>2\/ Fiche de renseignement<\/strong><\/p>\n\n\n\n<p>&nbsp;&nbsp;&nbsp;&nbsp;&nbsp;&nbsp;&nbsp;&nbsp;&nbsp;&nbsp;&nbsp; Tout envoi de pr\u00e9l\u00e8vement au CNR <strong>doit \u00eatre<\/strong> accompagn\u00e9 de la fiche de\nrenseignement d\u00fbment remplie. En l\u2019absence de cette fiche, ou en cas de fiche\nnon renseign\u00e9e, les pr\u00e9l\u00e8vements <strong>seront\nstock\u00e9s, non techniqu\u00e9set l\u2019analyse suspendue<\/strong> jusqu\u2019\u00e0 r\u00e9ception des\ninformations requises. <\/p>\n\n\n\n<p><a href=\"https:\/\/cnr-arbovirus.fr\/public\/wp-content\/uploads\/2024\/07\/PRE_ANA-EN-001-V10-FICHE_DE_RENSEIGNEMENTS.pdf\">> T\u00e9l\u00e9charger la fiche de renseignement<\/a><\/p>\n\n\n\n<p><strong>3\/ Adresse de livraison<\/strong><\/p>\n\n\n\n<p>Nous vous demandons de bien vouloir coller sur votre colis l&rsquo;\u00e9tiquette orange <a href=\"http:\/\/www.cnr-arbovirus.fr\/public\/wp-content\/uploads\/2022\/09\/2019_Etiquette-dexpedition.pdf\">disponible ici<\/a>. Cela permettra d&rsquo;\u00e9viter les erreurs d&rsquo;aiguillage \u00e0 la r\u00e9ception, celle ci \u00e9tant commune \u00e0 tout l\u2019h\u00f4pital de la Timone.<\/p>\n\n\n\n<p><strong>La nouvelle adresse est :<\/strong><\/p>\n\n\n\n<p style=\"background-color:yellow;\">CNR Arbovirus<br>Laboratoire 114<br>Institut Hospitalo-Universitaire M\u00e9diterran\u00e9e Infection<br>19-21 bd Jean Moulin 13005 MARSEILLE<\/p>\n\n\n\n<p>Le\nconditionnement du tube de pr\u00e9l\u00e8vement doit se faire en <strong>triple emballage<\/strong> UN 3373&nbsp;:<\/p>\n\n\n\n<ul class=\"wp-block-list\">\n<li>1 seul pr\u00e9l\u00e8vement \/ emballage (m\u00eame\nsi envoie de plusieurs pr\u00e9l\u00e8vements pour un m\u00eame patient)<\/li>\n\n\n\n<li>Une copie de la fiche de renseignement\ndans chaque emballage unitaire.<\/li>\n<\/ul>\n\n\n\n<p>Celui-ci doit\nmentionner&nbsp;:<\/p>\n\n\n\n<ul class=\"wp-block-list\">\n<li>Etiquetage\net marquage : \u00e9tiquette UN 3373 en indiquant la mention \u00a0\u00bbMATIERE BIOLOGIQUE,\nCATEGORIE B\u00a0\u00bb,<\/li>\n\n\n\n<li>Identification\n: nom, adresse et N\u00b0 de t\u00e9l\u00e9phone du responsable de l&rsquo;exp\u00e9dition en cas\nd&rsquo;incident, <\/li>\n\n\n\n<li>Condition\nde temp\u00e9rature et sens de manutention.<\/li>\n<\/ul>\n\n\n\n<p>Les\nmodalit\u00e9s du transport de mati\u00e8res infectieuses sont fix\u00e9es par l\u2019arr\u00eat\u00e9 du 5\nd\u00e9cembre 2002 modifiant l\u2019arr\u00eat\u00e9 du 1<sup>er<\/sup> juin 2001 relatif au\ntransport des marchandises dangereuses par route.<\/p>\n\n\n\n<p>Il est conseill\u00e9 de suivre le Guide sur la s\u00e9curit\u00e9 du transport des mati\u00e8res infectieuses et des \u00e9chantillons de diagnostic publi\u00e9 par l\u2019OMS consultable sur Internet:<\/p>\n\n\n\n<p><a href=\"https:\/\/apps.who.int\/iris\/bitstream\/handle\/10665\/328930\/WHO-WHE-CPI-2019.20-fre.pdf?ua=1\">https:\/\/apps.who.int\/iris\/bitstream\/handle\/10665\/328930\/WHO-WHE-CPI-2019.20-fre.pdf?ua=1<\/a><\/p>\n\n\n\n<p>La r\u00e9ception des \u00e9chantillons est ouverte 24h\/24 7j\/7. Le CNR est ouvert du lundi au vendredi, de 7h30 \u00e0 17h.<\/p>\n","protected":false},"excerpt":{"rendered":"<p>Les analyses biologiques r\u00e9alis\u00e9es au CNR sont gratuites. A ce titre et compte tenu de son expertise, le CNR se r\u00e9serve le droit de modifier la prescription afin de r\u00e9aliser les analyses les plus pertinentes au vu du contexte \u00e9pid\u00e9miologique et clinique. 1\/ Conditions pr\u00e9-analytiques Se r\u00e9f\u00e9rer \u00e0 notre manuel de pr\u00e9l\u00e8vement disponible en cliquant &hellip; <a href=\"https:\/\/cnr-arbovirus.fr\/public\/index.php\/les-envois-de-prelevements\/\" class=\"more-link\">Continuer la lecture<span class=\"screen-reader-text\"> de &laquo;&nbsp;Les envois de pr\u00e9l\u00e8vements&nbsp;&raquo;<\/span><\/a><\/p>\n","protected":false},"author":1,"featured_media":0,"parent":0,"menu_order":0,"comment_status":"closed","ping_status":"closed","template":"","meta":{"footnotes":""},"class_list":["post-76","page","type-page","status-publish","hentry"],"_links":{"self":[{"href":"https:\/\/cnr-arbovirus.fr\/public\/index.php\/wp-json\/wp\/v2\/pages\/76","targetHints":{"allow":["GET"]}}],"collection":[{"href":"https:\/\/cnr-arbovirus.fr\/public\/index.php\/wp-json\/wp\/v2\/pages"}],"about":[{"href":"https:\/\/cnr-arbovirus.fr\/public\/index.php\/wp-json\/wp\/v2\/types\/page"}],"author":[{"embeddable":true,"href":"https:\/\/cnr-arbovirus.fr\/public\/index.php\/wp-json\/wp\/v2\/users\/1"}],"replies":[{"embeddable":true,"href":"https:\/\/cnr-arbovirus.fr\/public\/index.php\/wp-json\/wp\/v2\/comments?post=76"}],"version-history":[{"count":11,"href":"https:\/\/cnr-arbovirus.fr\/public\/index.php\/wp-json\/wp\/v2\/pages\/76\/revisions"}],"predecessor-version":[{"id":495,"href":"https:\/\/cnr-arbovirus.fr\/public\/index.php\/wp-json\/wp\/v2\/pages\/76\/revisions\/495"}],"wp:attachment":[{"href":"https:\/\/cnr-arbovirus.fr\/public\/index.php\/wp-json\/wp\/v2\/media?parent=76"}],"curies":[{"name":"wp","href":"https:\/\/api.w.org\/{rel}","templated":true}]}}