{"id":85,"date":"2019-03-18T17:23:20","date_gmt":"2019-03-18T16:23:20","guid":{"rendered":"http:\/\/www.cnr-arbovirus.fr\/www\/?page_id=85"},"modified":"2024-07-08T16:14:29","modified_gmt":"2024-07-08T14:14:29","slug":"contacts","status":"publish","type":"page","link":"https:\/\/cnr-arbovirus.fr\/public\/index.php\/contacts\/","title":{"rendered":"Contacts"},"content":{"rendered":"\n<p>Pour nous joindre, merci de privil\u00e9gier la voie email, dans la mesure du possible. L&rsquo;adresse email du CNR est : <strong>cnr-arbovirus.u1207@inserm.fr<\/strong><\/p>\n\n\n\n<p><strong>CNR Coordinateur&nbsp;: INSERM<\/strong><\/p>\n\n\n\n<p>Xavier de Lamballerie (responsable du CNR arbovirus)<\/p>\n\n\n\n<p><strong>CNR associ\u00e9 en m\u00e9tropole : IRBA<\/strong><\/p>\n\n\n\n<p>Gilda Grard (responsable du CNR associ\u00e9 arbovirus)<\/p>\n\n\n\n<p>Guillaume Durand (responsable adjoint du CNR associ\u00e9 arbovirus)<\/p>\n\n\n\n<div style=\"border:solid 1px black;padding:5px\"><p><strong>Secr\u00e9tariat :  +33 (0)4 88 60 49 90 <\/strong><\/p><\/div>\n\n\n\n<p><strong>A noter que le CNR n&rsquo;utilise plus le fax.<\/strong><\/p>\n\n\n\n<p><strong>Adresse :<\/strong><\/p>\n\n\n\n<p>CNR des Arbovirus<\/p>\n\n\n\n<p>\n\nIHU M\u00e9diterran\u00e9e-Infection<br> 1er Etage \u2013 Laboratoire 114<br> 19-21 Boulevard Jean Moulin<br> 13005 MARSEILLE\n\n<\/p>\n\n\n\n<p><\/p>\n","protected":false},"excerpt":{"rendered":"<p>Pour nous joindre, merci de privil\u00e9gier la voie email, dans la mesure du possible. L&rsquo;adresse email du CNR est : cnr-arbovirus.u1207@inserm.fr CNR Coordinateur&nbsp;: INSERM Xavier de Lamballerie (responsable du CNR arbovirus) CNR associ\u00e9 en m\u00e9tropole : IRBA Gilda Grard (responsable du CNR associ\u00e9 arbovirus) Guillaume Durand (responsable adjoint du CNR associ\u00e9 arbovirus) Secr\u00e9tariat : +33 &hellip; <a href=\"https:\/\/cnr-arbovirus.fr\/public\/index.php\/contacts\/\" class=\"more-link\">Continuer la lecture<span class=\"screen-reader-text\"> de &laquo;&nbsp;Contacts&nbsp;&raquo;<\/span><\/a><\/p>\n","protected":false},"author":1,"featured_media":0,"parent":0,"menu_order":0,"comment_status":"closed","ping_status":"closed","template":"","meta":{"footnotes":""},"class_list":["post-85","page","type-page","status-publish","hentry"],"_links":{"self":[{"href":"https:\/\/cnr-arbovirus.fr\/public\/index.php\/wp-json\/wp\/v2\/pages\/85","targetHints":{"allow":["GET"]}}],"collection":[{"href":"https:\/\/cnr-arbovirus.fr\/public\/index.php\/wp-json\/wp\/v2\/pages"}],"about":[{"href":"https:\/\/cnr-arbovirus.fr\/public\/index.php\/wp-json\/wp\/v2\/types\/page"}],"author":[{"embeddable":true,"href":"https:\/\/cnr-arbovirus.fr\/public\/index.php\/wp-json\/wp\/v2\/users\/1"}],"replies":[{"embeddable":true,"href":"https:\/\/cnr-arbovirus.fr\/public\/index.php\/wp-json\/wp\/v2\/comments?post=85"}],"version-history":[{"count":10,"href":"https:\/\/cnr-arbovirus.fr\/public\/index.php\/wp-json\/wp\/v2\/pages\/85\/revisions"}],"predecessor-version":[{"id":478,"href":"https:\/\/cnr-arbovirus.fr\/public\/index.php\/wp-json\/wp\/v2\/pages\/85\/revisions\/478"}],"wp:attachment":[{"href":"https:\/\/cnr-arbovirus.fr\/public\/index.php\/wp-json\/wp\/v2\/media?parent=85"}],"curies":[{"name":"wp","href":"https:\/\/api.w.org\/{rel}","templated":true}]}}